{"id":387,"date":"2024-03-13T13:35:06","date_gmt":"2024-03-13T13:35:06","guid":{"rendered":"https:\/\/sacramentinassp.com.br\/?page_id=387"},"modified":"2024-03-13T16:54:25","modified_gmt":"2024-03-13T16:54:25","slug":"pilares-e-valores","status":"publish","type":"page","link":"https:\/\/sacramentinassp.com.br\/index.php\/pilares-e-valores\/","title":{"rendered":"Pilares e Valores"},"content":{"rendered":"\t\t<div data-elementor-type=\"wp-page\" data-elementor-id=\"387\" class=\"elementor elementor-387\" data-elementor-post-type=\"page\">\n\t\t\t\t<div class=\"elementor-element elementor-element-5ba8f32 e-flex e-con-boxed e-con e-parent\" data-id=\"5ba8f32\" data-element_type=\"container\">\n\t\t\t\t\t<div class=\"e-con-inner\">\n\t\t\t\t<div class=\"elementor-element elementor-element-7a6db74 elementor-widget elementor-widget-spacer\" data-id=\"7a6db74\" data-element_type=\"widget\" data-widget_type=\"spacer.default\">\n\t\t\t\t<div class=\"elementor-widget-container\">\n\t\t\t\t\t\t\t<div class=\"elementor-spacer\">\n\t\t\t<div class=\"elementor-spacer-inner\"><\/div>\n\t\t<\/div>\n\t\t\t\t\t\t<\/div>\n\t\t\t\t<\/div>\n\t\t\t\t\t<\/div>\n\t\t\t\t<\/div>\n\t\t<div class=\"elementor-element elementor-element-1c3514e e-flex e-con-boxed e-con e-parent\" data-id=\"1c3514e\" data-element_type=\"container\">\n\t\t\t\t\t<div class=\"e-con-inner\">\n\t\t\t\t<div class=\"elementor-element elementor-element-2633c85 elementor-widget elementor-widget-text-editor\" data-id=\"2633c85\" data-element_type=\"widget\" data-widget_type=\"text-editor.default\">\n\t\t\t\t<div class=\"elementor-widget-container\">\n\t\t\t\t\t\t\t\t\t<p>Sobre N\u00f3s<\/p>\t\t\t\t\t\t\t\t<\/div>\n\t\t\t\t<\/div>\n\t\t\t\t<div class=\"elementor-element elementor-element-35bf181 elementor-widget elementor-widget-text-editor\" data-id=\"35bf181\" data-element_type=\"widget\" data-widget_type=\"text-editor.default\">\n\t\t\t\t<div class=\"elementor-widget-container\">\n\t\t\t\t\t\t\t\t\t<p>Quem Somos\u00a0 &gt;\u00a0<strong> Pilares e Valores\u00a0<\/strong> &gt;\u00a0 Infraestrutura<\/p>\t\t\t\t\t\t\t\t<\/div>\n\t\t\t\t<\/div>\n\t\t\t\t\t<\/div>\n\t\t\t\t<\/div>\n\t\t<div class=\"elementor-element elementor-element-41371c9 e-flex e-con-boxed e-con e-parent\" data-id=\"41371c9\" data-element_type=\"container\">\n\t\t\t\t\t<div class=\"e-con-inner\">\n\t\t\t\t<div class=\"elementor-element elementor-element-437b2d4 elementor-widget elementor-widget-spacer\" data-id=\"437b2d4\" data-element_type=\"widget\" data-widget_type=\"spacer.default\">\n\t\t\t\t<div class=\"elementor-widget-container\">\n\t\t\t\t\t\t\t<div class=\"elementor-spacer\">\n\t\t\t<div class=\"elementor-spacer-inner\"><\/div>\n\t\t<\/div>\n\t\t\t\t\t\t<\/div>\n\t\t\t\t<\/div>\n\t\t\t\t<div class=\"elementor-element elementor-element-cada5e1 elementor-widget elementor-widget-heading\" data-id=\"cada5e1\" data-element_type=\"widget\" data-settings=\"{&quot;_animation_laptop&quot;:&quot;fadeInDown&quot;}\" data-widget_type=\"heading.default\">\n\t\t\t\t<div class=\"elementor-widget-container\">\n\t\t\t\t\t<h2 class=\"elementor-heading-title elementor-size-default\">Pilares e Valores<\/h2>\t\t\t\t<\/div>\n\t\t\t\t<\/div>\n\t\t\t\t<div class=\"elementor-element elementor-element-d5d2471 elementor-widget elementor-widget-spacer\" data-id=\"d5d2471\" data-element_type=\"widget\" data-widget_type=\"spacer.default\">\n\t\t\t\t<div class=\"elementor-widget-container\">\n\t\t\t\t\t\t\t<div class=\"elementor-spacer\">\n\t\t\t<div class=\"elementor-spacer-inner\"><\/div>\n\t\t<\/div>\n\t\t\t\t\t\t<\/div>\n\t\t\t\t<\/div>\n\t\t\t\t\t<\/div>\n\t\t\t\t<\/div>\n\t\t<div class=\"elementor-element elementor-element-3334a9d e-flex e-con-boxed e-con e-parent\" data-id=\"3334a9d\" data-element_type=\"container\">\n\t\t\t\t\t<div class=\"e-con-inner\">\n\t\t\t\t<div class=\"elementor-element elementor-element-cb80779 elementor-widget__width-initial elementor-widget elementor-widget-text-editor\" data-id=\"cb80779\" data-element_type=\"widget\" data-settings=\"{&quot;_animation_laptop&quot;:&quot;fadeInLeft&quot;}\" data-widget_type=\"text-editor.default\">\n\t\t\t\t<div class=\"elementor-widget-container\">\n\t\t\t\t\t\t\t\t\t<p>H\u00e1 mais de um s\u00e9culo, o Col\u00e9gio S\u00e3o Carlos \u00e9 um farol de educa\u00e7\u00e3o e integridade. Desde 1905, nossa institui\u00e7\u00e3o tem sido um lar onde a excel\u00eancia acad\u00eamica e os valores crist\u00e3os se encontram.<\/p><p>Aqui, buscamos criar vencedores para a vida, fundamentados na compaix\u00e3o, respeito e inova\u00e7\u00e3o. Em nossa jornada educacional, cultivamos n\u00e3o apenas mentes brilhantes, mas tamb\u00e9m cora\u00e7\u00f5es compassivos.<\/p><p>Explore conosco nossos pilares s\u00f3lidos e valores profundos, que moldam a ess\u00eancia do Col\u00e9gio S\u00e3o Carlos.<\/p><p>Seja bem-vindo a uma comunidade onde o conhecimento se encontra com o car\u00e1ter, preparando cada aluno para um futuro promissor.<\/p>\t\t\t\t\t\t\t\t<\/div>\n\t\t\t\t<\/div>\n\t\t\t\t<div class=\"elementor-element elementor-element-60fe331 elementor-widget elementor-widget-spacer\" data-id=\"60fe331\" data-element_type=\"widget\" data-widget_type=\"spacer.default\">\n\t\t\t\t<div class=\"elementor-widget-container\">\n\t\t\t\t\t\t\t<div class=\"elementor-spacer\">\n\t\t\t<div class=\"elementor-spacer-inner\"><\/div>\n\t\t<\/div>\n\t\t\t\t\t\t<\/div>\n\t\t\t\t<\/div>\n\t\t\t\t<div class=\"elementor-element elementor-element-fe8fe35 elementor-widget elementor-widget-heading\" data-id=\"fe8fe35\" data-element_type=\"widget\" data-settings=\"{&quot;_animation_laptop&quot;:&quot;fadeInDown&quot;}\" data-widget_type=\"heading.default\">\n\t\t\t\t<div class=\"elementor-widget-container\">\n\t\t\t\t\t<h2 class=\"elementor-heading-title elementor-size-default\">Nossos Pilares <\/h2>\t\t\t\t<\/div>\n\t\t\t\t<\/div>\n\t\t\t\t\t<\/div>\n\t\t\t\t<\/div>\n\t\t<div class=\"elementor-element elementor-element-02ff422 e-flex e-con-boxed e-con e-parent\" data-id=\"02ff422\" data-element_type=\"container\">\n\t\t\t\t\t<div class=\"e-con-inner\">\n\t\t\t\t<div class=\"elementor-element elementor-element-0311e37 elementor-widget-divider--view-line elementor-widget elementor-widget-divider\" data-id=\"0311e37\" data-element_type=\"widget\" data-widget_type=\"divider.default\">\n\t\t\t\t<div class=\"elementor-widget-container\">\n\t\t\t\t\t\t\t<div class=\"elementor-divider\">\n\t\t\t<span class=\"elementor-divider-separator\">\n\t\t\t\t\t\t<\/span>\n\t\t<\/div>\n\t\t\t\t\t\t<\/div>\n\t\t\t\t<\/div>\n\t\t\t\t<div class=\"elementor-element elementor-element-83548ed elementor-widget elementor-widget-spacer\" data-id=\"83548ed\" data-element_type=\"widget\" data-widget_type=\"spacer.default\">\n\t\t\t\t<div class=\"elementor-widget-container\">\n\t\t\t\t\t\t\t<div class=\"elementor-spacer\">\n\t\t\t<div class=\"elementor-spacer-inner\"><\/div>\n\t\t<\/div>\n\t\t\t\t\t\t<\/div>\n\t\t\t\t<\/div>\n\t\t\t\t<div class=\"elementor-element elementor-element-863e2cd elementor-widget elementor-widget-image\" data-id=\"863e2cd\" data-element_type=\"widget\" data-widget_type=\"image.default\">\n\t\t\t\t<div class=\"elementor-widget-container\">\n\t\t\t\t\t\t\t\t\t\t\t\t\t\t\t<img decoding=\"async\" width=\"141\" height=\"82\" src=\"https:\/\/sacramentinassp.com.br\/wp-content\/uploads\/2024\/03\/1.png\" class=\"attachment-large size-large wp-image-401\" alt=\"\" \/>\t\t\t\t\t\t\t\t\t\t\t\t\t\t\t<\/div>\n\t\t\t\t<\/div>\n\t\t\t\t<div class=\"elementor-element elementor-element-d48c248 elementor-widget elementor-widget-spacer\" data-id=\"d48c248\" data-element_type=\"widget\" data-widget_type=\"spacer.default\">\n\t\t\t\t<div class=\"elementor-widget-container\">\n\t\t\t\t\t\t\t<div class=\"elementor-spacer\">\n\t\t\t<div class=\"elementor-spacer-inner\"><\/div>\n\t\t<\/div>\n\t\t\t\t\t\t<\/div>\n\t\t\t\t<\/div>\n\t\t\t\t<div class=\"elementor-element elementor-element-14e3b5c elementor-widget elementor-widget-heading\" data-id=\"14e3b5c\" data-element_type=\"widget\" data-settings=\"{&quot;_animation_laptop&quot;:&quot;fadeInDown&quot;}\" data-widget_type=\"heading.default\">\n\t\t\t\t<div class=\"elementor-widget-container\">\n\t\t\t\t\t<h2 class=\"elementor-heading-title elementor-size-default\">Educa\u00e7\u00e3o de Qualidade desde 1905<\/h2>\t\t\t\t<\/div>\n\t\t\t\t<\/div>\n\t\t\t\t<div class=\"elementor-element elementor-element-6f86dfa elementor-widget elementor-widget-text-editor\" data-id=\"6f86dfa\" data-element_type=\"widget\" data-widget_type=\"text-editor.default\">\n\t\t\t\t<div class=\"elementor-widget-container\">\n\t\t\t\t\t\t\t\t\t<p>Compromisso inabal\u00e1vel com a excel\u00eancia educacional ao longo de mais de um s\u00e9culo.<\/p>\t\t\t\t\t\t\t\t<\/div>\n\t\t\t\t<\/div>\n\t\t\t\t<div class=\"elementor-element elementor-element-5d4b798 elementor-widget elementor-widget-spacer\" data-id=\"5d4b798\" data-element_type=\"widget\" data-widget_type=\"spacer.default\">\n\t\t\t\t<div class=\"elementor-widget-container\">\n\t\t\t\t\t\t\t<div class=\"elementor-spacer\">\n\t\t\t<div class=\"elementor-spacer-inner\"><\/div>\n\t\t<\/div>\n\t\t\t\t\t\t<\/div>\n\t\t\t\t<\/div>\n\t\t\t\t\t<\/div>\n\t\t\t\t<\/div>\n\t\t<div class=\"elementor-element elementor-element-68c8054 e-flex e-con-boxed e-con e-parent\" data-id=\"68c8054\" data-element_type=\"container\">\n\t\t\t\t\t<div class=\"e-con-inner\">\n\t\t\t\t<div class=\"elementor-element elementor-element-14497a6 elementor-widget elementor-widget-image\" data-id=\"14497a6\" data-element_type=\"widget\" data-widget_type=\"image.default\">\n\t\t\t\t<div class=\"elementor-widget-container\">\n\t\t\t\t\t\t\t\t\t\t\t\t\t\t\t<img decoding=\"async\" width=\"95\" height=\"83\" src=\"https:\/\/sacramentinassp.com.br\/wp-content\/uploads\/2024\/03\/2.png\" class=\"attachment-large size-large wp-image-402\" alt=\"\" \/>\t\t\t\t\t\t\t\t\t\t\t\t\t\t\t<\/div>\n\t\t\t\t<\/div>\n\t\t\t\t<div class=\"elementor-element elementor-element-4ec4602 elementor-widget elementor-widget-spacer\" data-id=\"4ec4602\" data-element_type=\"widget\" data-widget_type=\"spacer.default\">\n\t\t\t\t<div class=\"elementor-widget-container\">\n\t\t\t\t\t\t\t<div class=\"elementor-spacer\">\n\t\t\t<div class=\"elementor-spacer-inner\"><\/div>\n\t\t<\/div>\n\t\t\t\t\t\t<\/div>\n\t\t\t\t<\/div>\n\t\t\t\t<div class=\"elementor-element elementor-element-6c53266 elementor-widget elementor-widget-heading\" data-id=\"6c53266\" data-element_type=\"widget\" data-settings=\"{&quot;_animation_laptop&quot;:&quot;fadeInDown&quot;}\" data-widget_type=\"heading.default\">\n\t\t\t\t<div class=\"elementor-widget-container\">\n\t\t\t\t\t<h2 class=\"elementor-heading-title elementor-size-default\">Valores<\/h2>\t\t\t\t<\/div>\n\t\t\t\t<\/div>\n\t\t\t\t<div class=\"elementor-element elementor-element-23282c0 elementor-widget elementor-widget-text-editor\" data-id=\"23282c0\" data-element_type=\"widget\" data-widget_type=\"text-editor.default\">\n\t\t\t\t<div class=\"elementor-widget-container\">\n\t\t\t\t\t\t\t\t\t<p>Fundamentado em princ\u00edpios \u00e9ticos e morais, promovendo a empatia, respeito e amor ao pr\u00f3ximo.<\/p>\t\t\t\t\t\t\t\t<\/div>\n\t\t\t\t<\/div>\n\t\t\t\t<div class=\"elementor-element elementor-element-2602f4d elementor-widget elementor-widget-spacer\" data-id=\"2602f4d\" data-element_type=\"widget\" data-widget_type=\"spacer.default\">\n\t\t\t\t<div class=\"elementor-widget-container\">\n\t\t\t\t\t\t\t<div class=\"elementor-spacer\">\n\t\t\t<div class=\"elementor-spacer-inner\"><\/div>\n\t\t<\/div>\n\t\t\t\t\t\t<\/div>\n\t\t\t\t<\/div>\n\t\t\t\t\t<\/div>\n\t\t\t\t<\/div>\n\t\t<div class=\"elementor-element elementor-element-8ec76ce e-flex e-con-boxed e-con e-parent\" data-id=\"8ec76ce\" data-element_type=\"container\">\n\t\t\t\t\t<div class=\"e-con-inner\">\n\t\t\t\t<div class=\"elementor-element elementor-element-c4442e0 elementor-widget elementor-widget-image\" data-id=\"c4442e0\" data-element_type=\"widget\" data-widget_type=\"image.default\">\n\t\t\t\t<div class=\"elementor-widget-container\">\n\t\t\t\t\t\t\t\t\t\t\t\t\t\t\t<img decoding=\"async\" width=\"121\" height=\"121\" src=\"https:\/\/sacramentinassp.com.br\/wp-content\/uploads\/2024\/03\/3.png\" class=\"attachment-large size-large wp-image-403\" alt=\"\" \/>\t\t\t\t\t\t\t\t\t\t\t\t\t\t\t<\/div>\n\t\t\t\t<\/div>\n\t\t\t\t<div class=\"elementor-element elementor-element-6e1fc84 elementor-widget elementor-widget-spacer\" data-id=\"6e1fc84\" data-element_type=\"widget\" data-widget_type=\"spacer.default\">\n\t\t\t\t<div class=\"elementor-widget-container\">\n\t\t\t\t\t\t\t<div class=\"elementor-spacer\">\n\t\t\t<div class=\"elementor-spacer-inner\"><\/div>\n\t\t<\/div>\n\t\t\t\t\t\t<\/div>\n\t\t\t\t<\/div>\n\t\t\t\t<div class=\"elementor-element elementor-element-f4fe24b elementor-widget elementor-widget-heading\" data-id=\"f4fe24b\" data-element_type=\"widget\" data-settings=\"{&quot;_animation_laptop&quot;:&quot;fadeInDown&quot;}\" data-widget_type=\"heading.default\">\n\t\t\t\t<div class=\"elementor-widget-container\">\n\t\t\t\t\t<h2 class=\"elementor-heading-title elementor-size-default\">Desenvolvimento Integral<\/h2>\t\t\t\t<\/div>\n\t\t\t\t<\/div>\n\t\t\t\t<div class=\"elementor-element elementor-element-302d735 elementor-widget elementor-widget-text-editor\" data-id=\"302d735\" data-element_type=\"widget\" data-widget_type=\"text-editor.default\">\n\t\t\t\t<div class=\"elementor-widget-container\">\n\t\t\t\t\t\t\t\t\t<p>No Col\u00e9gio S\u00e3o Carlos, garantimos o desenvolvimento integral dos alunos com uma ampla variedade de atividades, tanto de manh\u00e3 quanto \u00e0 tarde.<\/p>\t\t\t\t\t\t\t\t<\/div>\n\t\t\t\t<\/div>\n\t\t\t\t<div class=\"elementor-element elementor-element-0800bd9 elementor-widget elementor-widget-spacer\" data-id=\"0800bd9\" data-element_type=\"widget\" data-widget_type=\"spacer.default\">\n\t\t\t\t<div class=\"elementor-widget-container\">\n\t\t\t\t\t\t\t<div class=\"elementor-spacer\">\n\t\t\t<div class=\"elementor-spacer-inner\"><\/div>\n\t\t<\/div>\n\t\t\t\t\t\t<\/div>\n\t\t\t\t<\/div>\n\t\t\t\t\t<\/div>\n\t\t\t\t<\/div>\n\t\t<div class=\"elementor-element elementor-element-0f1b7d8 e-flex e-con-boxed e-con e-parent\" data-id=\"0f1b7d8\" data-element_type=\"container\">\n\t\t\t\t\t<div class=\"e-con-inner\">\n\t\t\t\t<div class=\"elementor-element elementor-element-78a1aa0 elementor-widget elementor-widget-image\" data-id=\"78a1aa0\" data-element_type=\"widget\" data-widget_type=\"image.default\">\n\t\t\t\t<div class=\"elementor-widget-container\">\n\t\t\t\t\t\t\t\t\t\t\t\t\t\t\t<img loading=\"lazy\" decoding=\"async\" width=\"122\" height=\"148\" src=\"https:\/\/sacramentinassp.com.br\/wp-content\/uploads\/2024\/03\/4.png\" class=\"attachment-large size-large wp-image-404\" alt=\"\" \/>\t\t\t\t\t\t\t\t\t\t\t\t\t\t\t<\/div>\n\t\t\t\t<\/div>\n\t\t\t\t<div class=\"elementor-element elementor-element-5cd59a5 elementor-widget elementor-widget-spacer\" data-id=\"5cd59a5\" data-element_type=\"widget\" data-widget_type=\"spacer.default\">\n\t\t\t\t<div class=\"elementor-widget-container\">\n\t\t\t\t\t\t\t<div class=\"elementor-spacer\">\n\t\t\t<div class=\"elementor-spacer-inner\"><\/div>\n\t\t<\/div>\n\t\t\t\t\t\t<\/div>\n\t\t\t\t<\/div>\n\t\t\t\t<div class=\"elementor-element elementor-element-77ea5ca elementor-widget elementor-widget-heading\" data-id=\"77ea5ca\" data-element_type=\"widget\" data-settings=\"{&quot;_animation_laptop&quot;:&quot;fadeInDown&quot;}\" data-widget_type=\"heading.default\">\n\t\t\t\t<div class=\"elementor-widget-container\">\n\t\t\t\t\t<h2 class=\"elementor-heading-title elementor-size-default\">Forma\u00e7\u00e3o de Vencedores para a Vida<\/h2>\t\t\t\t<\/div>\n\t\t\t\t<\/div>\n\t\t\t\t<div class=\"elementor-element elementor-element-450d4cd elementor-widget elementor-widget-text-editor\" data-id=\"450d4cd\" data-element_type=\"widget\" data-widget_type=\"text-editor.default\">\n\t\t\t\t<div class=\"elementor-widget-container\">\n\t\t\t\t\t\t\t\t\t<p>Preparamos os alunos para enfrentar desafios, adotar a resili\u00eancia e desenvolver habilidades para o sucesso em todas as \u00e1reas da vida.<\/p>\t\t\t\t\t\t\t\t<\/div>\n\t\t\t\t<\/div>\n\t\t\t\t<div class=\"elementor-element elementor-element-fc83c79 elementor-widget elementor-widget-spacer\" data-id=\"fc83c79\" data-element_type=\"widget\" data-widget_type=\"spacer.default\">\n\t\t\t\t<div class=\"elementor-widget-container\">\n\t\t\t\t\t\t\t<div class=\"elementor-spacer\">\n\t\t\t<div class=\"elementor-spacer-inner\"><\/div>\n\t\t<\/div>\n\t\t\t\t\t\t<\/div>\n\t\t\t\t<\/div>\n\t\t\t\t\t<\/div>\n\t\t\t\t<\/div>\n\t\t<div class=\"elementor-element elementor-element-f7c06b3 e-flex e-con-boxed e-con e-parent\" data-id=\"f7c06b3\" data-element_type=\"container\">\n\t\t\t\t\t<div class=\"e-con-inner\">\n\t\t\t\t<div class=\"elementor-element elementor-element-64dfcd3 elementor-widget elementor-widget-image\" data-id=\"64dfcd3\" data-element_type=\"widget\" data-widget_type=\"image.default\">\n\t\t\t\t<div class=\"elementor-widget-container\">\n\t\t\t\t\t\t\t\t\t\t\t\t\t\t\t<img loading=\"lazy\" decoding=\"async\" width=\"163\" height=\"150\" src=\"https:\/\/sacramentinassp.com.br\/wp-content\/uploads\/2024\/03\/5.png\" class=\"attachment-large size-large wp-image-405\" alt=\"\" \/>\t\t\t\t\t\t\t\t\t\t\t\t\t\t\t<\/div>\n\t\t\t\t<\/div>\n\t\t\t\t<div class=\"elementor-element elementor-element-c731aea elementor-widget elementor-widget-spacer\" data-id=\"c731aea\" data-element_type=\"widget\" data-widget_type=\"spacer.default\">\n\t\t\t\t<div class=\"elementor-widget-container\">\n\t\t\t\t\t\t\t<div class=\"elementor-spacer\">\n\t\t\t<div class=\"elementor-spacer-inner\"><\/div>\n\t\t<\/div>\n\t\t\t\t\t\t<\/div>\n\t\t\t\t<\/div>\n\t\t\t\t<div class=\"elementor-element elementor-element-cf5b50d elementor-widget elementor-widget-heading\" data-id=\"cf5b50d\" data-element_type=\"widget\" data-settings=\"{&quot;_animation_laptop&quot;:&quot;fadeInDown&quot;}\" data-widget_type=\"heading.default\">\n\t\t\t\t<div class=\"elementor-widget-container\">\n\t\t\t\t\t<h2 class=\"elementor-heading-title elementor-size-default\">Comunidade e Colabora\u00e7\u00e3o<\/h2>\t\t\t\t<\/div>\n\t\t\t\t<\/div>\n\t\t\t\t<div class=\"elementor-element elementor-element-c505cb5 elementor-widget elementor-widget-text-editor\" data-id=\"c505cb5\" data-element_type=\"widget\" data-widget_type=\"text-editor.default\">\n\t\t\t\t<div class=\"elementor-widget-container\">\n\t\t\t\t\t\t\t\t\t<p>Favorecemos um ambiente de aprendizado inclusivo, onde a colabora\u00e7\u00e3o e a comunidade s\u00e3o valorizadas.<\/p>\t\t\t\t\t\t\t\t<\/div>\n\t\t\t\t<\/div>\n\t\t\t\t<div class=\"elementor-element elementor-element-57f82a7 elementor-widget elementor-widget-spacer\" data-id=\"57f82a7\" data-element_type=\"widget\" data-widget_type=\"spacer.default\">\n\t\t\t\t<div class=\"elementor-widget-container\">\n\t\t\t\t\t\t\t<div class=\"elementor-spacer\">\n\t\t\t<div class=\"elementor-spacer-inner\"><\/div>\n\t\t<\/div>\n\t\t\t\t\t\t<\/div>\n\t\t\t\t<\/div>\n\t\t\t\t\t<\/div>\n\t\t\t\t<\/div>\n\t\t<div class=\"elementor-element elementor-element-4d9419d e-flex e-con-boxed e-con e-parent\" data-id=\"4d9419d\" data-element_type=\"container\">\n\t\t\t\t\t<div class=\"e-con-inner\">\n\t\t\t\t<div class=\"elementor-element elementor-element-4673bcd elementor-widget elementor-widget-heading\" data-id=\"4673bcd\" data-element_type=\"widget\" data-settings=\"{&quot;_animation_laptop&quot;:&quot;fadeInDown&quot;}\" data-widget_type=\"heading.default\">\n\t\t\t\t<div class=\"elementor-widget-container\">\n\t\t\t\t\t<h2 class=\"elementor-heading-title elementor-size-default\">Nossos Valores<\/h2>\t\t\t\t<\/div>\n\t\t\t\t<\/div>\n\t\t\t\t<div class=\"elementor-element elementor-element-531add2 elementor-widget-divider--view-line elementor-widget elementor-widget-divider\" data-id=\"531add2\" data-element_type=\"widget\" data-widget_type=\"divider.default\">\n\t\t\t\t<div class=\"elementor-widget-container\">\n\t\t\t\t\t\t\t<div class=\"elementor-divider\">\n\t\t\t<span class=\"elementor-divider-separator\">\n\t\t\t\t\t\t<\/span>\n\t\t<\/div>\n\t\t\t\t\t\t<\/div>\n\t\t\t\t<\/div>\n\t\t\t\t<div class=\"elementor-element elementor-element-4056642 elementor-widget elementor-widget-spacer\" data-id=\"4056642\" data-element_type=\"widget\" data-widget_type=\"spacer.default\">\n\t\t\t\t<div class=\"elementor-widget-container\">\n\t\t\t\t\t\t\t<div class=\"elementor-spacer\">\n\t\t\t<div class=\"elementor-spacer-inner\"><\/div>\n\t\t<\/div>\n\t\t\t\t\t\t<\/div>\n\t\t\t\t<\/div>\n\t\t\t\t<div class=\"elementor-element elementor-element-f6f02cd elementor-widget__width-initial elementor-widget elementor-widget-text-editor\" data-id=\"f6f02cd\" data-element_type=\"widget\" data-settings=\"{&quot;_animation_laptop&quot;:&quot;fadeInLeft&quot;}\" data-widget_type=\"text-editor.default\">\n\t\t\t\t<div class=\"elementor-widget-container\">\n\t\t\t\t\t\t\t\t\t<p>Estes valores fundamentais do Col\u00e9gio S\u00e3o Carlos definem a ess\u00eancia da nossa comunidade educacional. O Respeito \u00e9 a base, onde celebramos a diversidade e criamos um ambiente acolhedor. A Integridade \u00e9 nossa b\u00fassola moral, guiando-nos na pr\u00e1tica da honestidade e \u00e9tica em todas as intera\u00e7\u00f5es. A Compaix\u00e3o \u00e9 cultivada, incentivando a empatia e o apoio m\u00fatuo nas comunidades em que vivemos. A Inova\u00e7\u00e3o \u00e9 nossa aliada, estimulando a criatividade e preparando os alunos para um mundo em constante mudan\u00e7a.<\/p><p>Nossa comunidade tamb\u00e9m valoriza a Determina\u00e7\u00e3o, promovendo a perseveran\u00e7a e o esfor\u00e7o cont\u00ednuo na busca por metas. O Esp\u00edrito Esportivo \u00e9 uma li\u00e7\u00e3o de vida, ensinando valores como trabalho em equipe, disciplina e respeito pelo jogo. E, \u00e9 claro, temos um compromisso inabal\u00e1vel com a Excel\u00eancia Acad\u00eamica, incentivando cada aluno a alcan\u00e7ar seu pleno potencial em todas as disciplinas.<\/p><p>Al\u00e9m desses valores essenciais, no Col\u00e9gio S\u00e3o Carlos, tamb\u00e9m cultivamos um profundo respeito pelo meio ambiente. Reconhecemos a import\u00e2ncia de preservar nosso planeta para as gera\u00e7\u00f5es futuras.<\/p><p>Esses valores n\u00e3o apenas moldam nossos alunos academicamente, mas tamb\u00e9m os preparam para serem cidad\u00e3os conscientes, compassivos e inovadores, prontos para enfrentar os desafios e contribuir positivamente para o mundo ao seu redor. No Col\u00e9gio S\u00e3o Carlos, n\u00e3o apenas ensinamos, mas tamb\u00e9m cultivamos esses valores, formando indiv\u00edduos que n\u00e3o apenas se destacam no presente, mas tamb\u00e9m moldam o futuro com integridade, compaix\u00e3o e excel\u00eancia.<\/p>\t\t\t\t\t\t\t\t<\/div>\n\t\t\t\t<\/div>\n\t\t\t\t<div class=\"elementor-element elementor-element-22789fe elementor-widget elementor-widget-spacer\" data-id=\"22789fe\" data-element_type=\"widget\" data-widget_type=\"spacer.default\">\n\t\t\t\t<div class=\"elementor-widget-container\">\n\t\t\t\t\t\t\t<div class=\"elementor-spacer\">\n\t\t\t<div class=\"elementor-spacer-inner\"><\/div>\n\t\t<\/div>\n\t\t\t\t\t\t<\/div>\n\t\t\t\t<\/div>\n\t\t\t\t\t<\/div>\n\t\t\t\t<\/div>\n\t\t\t\t<\/div>\n\t\t","protected":false},"excerpt":{"rendered":"<p>Sobre N\u00f3s Quem Somos\u00a0 &gt;\u00a0 Pilares e Valores\u00a0 &gt;\u00a0 Infraestrutura Pilares e Valores H\u00e1 mais de um s\u00e9culo, o Col\u00e9gio S\u00e3o Carlos \u00e9 um farol de educa\u00e7\u00e3o e integridade. Desde 1905, nossa institui\u00e7\u00e3o tem sido um lar onde a excel\u00eancia acad\u00eamica e os valores crist\u00e3os se encontram. Aqui, buscamos criar vencedores para a vida, fundamentados [&hellip;]<\/p>\n","protected":false},"author":1,"featured_media":0,"parent":0,"menu_order":0,"comment_status":"closed","ping_status":"closed","template":"","meta":{"footnotes":""},"_links":{"self":[{"href":"https:\/\/sacramentinassp.com.br\/index.php\/wp-json\/wp\/v2\/pages\/387"}],"collection":[{"href":"https:\/\/sacramentinassp.com.br\/index.php\/wp-json\/wp\/v2\/pages"}],"about":[{"href":"https:\/\/sacramentinassp.com.br\/index.php\/wp-json\/wp\/v2\/types\/page"}],"author":[{"embeddable":true,"href":"https:\/\/sacramentinassp.com.br\/index.php\/wp-json\/wp\/v2\/users\/1"}],"replies":[{"embeddable":true,"href":"https:\/\/sacramentinassp.com.br\/index.php\/wp-json\/wp\/v2\/comments?post=387"}],"version-history":[{"count":28,"href":"https:\/\/sacramentinassp.com.br\/index.php\/wp-json\/wp\/v2\/pages\/387\/revisions"}],"predecessor-version":[{"id":532,"href":"https:\/\/sacramentinassp.com.br\/index.php\/wp-json\/wp\/v2\/pages\/387\/revisions\/532"}],"wp:attachment":[{"href":"https:\/\/sacramentinassp.com.br\/index.php\/wp-json\/wp\/v2\/media?parent=387"}],"curies":[{"name":"wp","href":"https:\/\/api.w.org\/{rel}","templated":true}]}}