{"id":612,"date":"2024-03-13T18:02:03","date_gmt":"2024-03-13T18:02:03","guid":{"rendered":"https:\/\/sacramentinassp.com.br\/?page_id=612"},"modified":"2024-03-14T20:19:37","modified_gmt":"2024-03-14T20:19:37","slug":"material-sas","status":"publish","type":"page","link":"https:\/\/sacramentinassp.com.br\/index.php\/material-sas\/","title":{"rendered":"Material SAS"},"content":{"rendered":"\t\t<div data-elementor-type=\"wp-page\" data-elementor-id=\"612\" class=\"elementor elementor-612\" data-elementor-post-type=\"page\">\n\t\t\t\t<div class=\"elementor-element elementor-element-3cc6acc e-flex e-con-boxed e-con e-parent\" data-id=\"3cc6acc\" data-element_type=\"container\">\n\t\t\t\t\t<div class=\"e-con-inner\">\n\t\t\t\t<div class=\"elementor-element elementor-element-dc1ba98 elementor-widget elementor-widget-spacer\" data-id=\"dc1ba98\" data-element_type=\"widget\" data-widget_type=\"spacer.default\">\n\t\t\t\t<div class=\"elementor-widget-container\">\n\t\t\t\t\t\t\t<div class=\"elementor-spacer\">\n\t\t\t<div class=\"elementor-spacer-inner\"><\/div>\n\t\t<\/div>\n\t\t\t\t\t\t<\/div>\n\t\t\t\t<\/div>\n\t\t\t\t\t<\/div>\n\t\t\t\t<\/div>\n\t\t<div class=\"elementor-element elementor-element-2a43895 e-flex e-con-boxed e-con e-parent\" data-id=\"2a43895\" data-element_type=\"container\">\n\t\t\t\t\t<div class=\"e-con-inner\">\n\t\t\t\t<div class=\"elementor-element elementor-element-c20ad76 elementor-widget elementor-widget-text-editor\" data-id=\"c20ad76\" data-element_type=\"widget\" data-widget_type=\"text-editor.default\">\n\t\t\t\t<div class=\"elementor-widget-container\">\n\t\t\t\t\t\t\t\t\t<p>Ensinos<\/p>\t\t\t\t\t\t\t\t<\/div>\n\t\t\t\t<\/div>\n\t\t\t\t<div class=\"elementor-element elementor-element-62443f1 elementor-widget elementor-widget-text-editor\" data-id=\"62443f1\" data-element_type=\"widget\" data-widget_type=\"text-editor.default\">\n\t\t\t\t<div class=\"elementor-widget-container\">\n\t\t\t\t\t\t\t\t\t<p>N\u00edveis de ensinos\u00a0 &gt;\u00a0 Programa Bil\u00edngue\u00a0 &gt;\u00a0 <strong>Material SAS<\/strong><\/p>\t\t\t\t\t\t\t\t<\/div>\n\t\t\t\t<\/div>\n\t\t\t\t\t<\/div>\n\t\t\t\t<\/div>\n\t\t<div class=\"elementor-element elementor-element-3689a6e e-flex e-con-boxed e-con e-parent\" data-id=\"3689a6e\" data-element_type=\"container\">\n\t\t\t\t\t<div class=\"e-con-inner\">\n\t\t<div class=\"elementor-element elementor-element-1e6d76c e-con-full e-flex e-con e-child\" data-id=\"1e6d76c\" data-element_type=\"container\">\n\t\t\t\t<div class=\"elementor-element elementor-element-5aa5a4e elementor-widget elementor-widget-heading\" data-id=\"5aa5a4e\" data-element_type=\"widget\" data-settings=\"{&quot;_animation_laptop&quot;:&quot;fadeInDown&quot;}\" data-widget_type=\"heading.default\">\n\t\t\t\t<div class=\"elementor-widget-container\">\n\t\t\t\t\t<h2 class=\"elementor-heading-title elementor-size-default\">Material SAS<\/h2>\t\t\t\t<\/div>\n\t\t\t\t<\/div>\n\t\t\t\t<\/div>\n\t\t<div class=\"elementor-element elementor-element-ce0d1f1 e-con-full e-flex e-con e-child\" data-id=\"ce0d1f1\" data-element_type=\"container\">\n\t\t\t\t<div class=\"elementor-element elementor-element-8ea5383 elementor-widget elementor-widget-image\" data-id=\"8ea5383\" data-element_type=\"widget\" data-widget_type=\"image.default\">\n\t\t\t\t<div class=\"elementor-widget-container\">\n\t\t\t\t\t\t\t\t\t\t\t\t\t\t\t<img fetchpriority=\"high\" decoding=\"async\" width=\"404\" height=\"218\" src=\"https:\/\/sacramentinassp.com.br\/wp-content\/uploads\/2024\/03\/LOGO-SAS-WEBP.webp\" class=\"attachment-full size-full wp-image-622\" alt=\"\" srcset=\"https:\/\/sacramentinassp.com.br\/wp-content\/uploads\/2024\/03\/LOGO-SAS-WEBP.webp 404w, https:\/\/sacramentinassp.com.br\/wp-content\/uploads\/2024\/03\/LOGO-SAS-WEBP-300x162.webp 300w\" sizes=\"(max-width: 404px) 100vw, 404px\" \/>\t\t\t\t\t\t\t\t\t\t\t\t\t\t\t<\/div>\n\t\t\t\t<\/div>\n\t\t\t\t<\/div>\n\t\t\t\t\t<\/div>\n\t\t\t\t<\/div>\n\t\t<div class=\"elementor-element elementor-element-5f322d0 e-flex e-con-boxed e-con e-parent\" data-id=\"5f322d0\" data-element_type=\"container\">\n\t\t\t\t\t<div class=\"e-con-inner\">\n\t\t\t\t<div class=\"elementor-element elementor-element-3c309fc elementor-widget elementor-widget-image\" data-id=\"3c309fc\" data-element_type=\"widget\" data-widget_type=\"image.default\">\n\t\t\t\t<div class=\"elementor-widget-container\">\n\t\t\t\t\t\t\t\t\t\t\t\t\t\t\t<img decoding=\"async\" width=\"1312\" height=\"734\" src=\"https:\/\/sacramentinassp.com.br\/wp-content\/uploads\/2024\/03\/FOTO-MENINA-SAS-WEBP.webp\" class=\"attachment-full size-full wp-image-627\" alt=\"\" srcset=\"https:\/\/sacramentinassp.com.br\/wp-content\/uploads\/2024\/03\/FOTO-MENINA-SAS-WEBP.webp 1312w, https:\/\/sacramentinassp.com.br\/wp-content\/uploads\/2024\/03\/FOTO-MENINA-SAS-WEBP-300x168.webp 300w, https:\/\/sacramentinassp.com.br\/wp-content\/uploads\/2024\/03\/FOTO-MENINA-SAS-WEBP-1024x573.webp 1024w, https:\/\/sacramentinassp.com.br\/wp-content\/uploads\/2024\/03\/FOTO-MENINA-SAS-WEBP-768x430.webp 768w\" sizes=\"(max-width: 1312px) 100vw, 1312px\" \/>\t\t\t\t\t\t\t\t\t\t\t\t\t\t\t<\/div>\n\t\t\t\t<\/div>\n\t\t\t\t\t<\/div>\n\t\t\t\t<\/div>\n\t\t<div class=\"elementor-element elementor-element-d063a52 e-flex e-con-boxed e-con e-parent\" data-id=\"d063a52\" data-element_type=\"container\">\n\t\t\t\t\t<div class=\"e-con-inner\">\n\t\t\t\t<div class=\"elementor-element elementor-element-0233b0e elementor-widget elementor-widget-spacer\" data-id=\"0233b0e\" data-element_type=\"widget\" data-widget_type=\"spacer.default\">\n\t\t\t\t<div class=\"elementor-widget-container\">\n\t\t\t\t\t\t\t<div class=\"elementor-spacer\">\n\t\t\t<div class=\"elementor-spacer-inner\"><\/div>\n\t\t<\/div>\n\t\t\t\t\t\t<\/div>\n\t\t\t\t<\/div>\n\t\t\t\t<div class=\"elementor-element elementor-element-66146e9 elementor-widget__width-initial elementor-widget elementor-widget-text-editor\" data-id=\"66146e9\" data-element_type=\"widget\" data-settings=\"{&quot;_animation_laptop&quot;:&quot;fadeInLeft&quot;}\" data-widget_type=\"text-editor.default\">\n\t\t\t\t<div class=\"elementor-widget-container\">\n\t\t\t\t\t\t\t\t\t<p>O SAS Educa\u00e7\u00e3o \u00e9 uma plataforma de educa\u00e7\u00e3o que oferece solu\u00e7\u00f5es completas e integradas para as escolas parceiras.<\/p>\n<p>Atualmente, conta com mais de 1.100 escolas parceiras em todo o Brasil. Sua atua\u00e7\u00e3o inclui livros did\u00e1ticos alinhados \u00e0 BNCC, e vai muito al\u00e9m disso!&nbsp;<br><span style=\"text-align: var(--text-align);\">Trabalha com modelos de avalia\u00e7\u00f5es para cada etapa da vida escolar, com forma\u00e7\u00f5es continuadas para gest\u00e3o e doc\u00eancia e com consultorias especializadas.<\/span><\/p>\t\t\t\t\t\t\t\t<\/div>\n\t\t\t\t<\/div>\n\t\t\t\t<div class=\"elementor-element elementor-element-19057e3 elementor-widget elementor-widget-video\" data-id=\"19057e3\" data-element_type=\"widget\" data-settings=\"{&quot;youtube_url&quot;:&quot;https:\\\/\\\/www.youtube.com\\\/watch?v=8-Il3QAiYTk&amp;t=16s&quot;,&quot;autoplay&quot;:&quot;yes&quot;,&quot;play_on_mobile&quot;:&quot;yes&quot;,&quot;video_type&quot;:&quot;youtube&quot;}\" data-widget_type=\"video.default\">\n\t\t\t\t<div class=\"elementor-widget-container\">\n\t\t\t\t\t\t\t<div class=\"elementor-wrapper elementor-open-inline\">\n\t\t\t<div class=\"elementor-video\"><\/div>\t\t<\/div>\n\t\t\t\t\t\t<\/div>\n\t\t\t\t<\/div>\n\t\t\t\t\t<\/div>\n\t\t\t\t<\/div>\n\t\t<div class=\"elementor-element elementor-element-894eb02 e-flex e-con-boxed e-con e-parent\" data-id=\"894eb02\" data-element_type=\"container\">\n\t\t\t\t\t<div class=\"e-con-inner\">\n\t\t\t\t<div class=\"elementor-element elementor-element-9276cbc elementor-widget__width-initial elementor-widget elementor-widget-text-editor\" data-id=\"9276cbc\" data-element_type=\"widget\" data-settings=\"{&quot;_animation_laptop&quot;:&quot;fadeInLeft&quot;}\" data-widget_type=\"text-editor.default\">\n\t\t\t\t<div class=\"elementor-widget-container\">\n\t\t\t\t\t\t\t\t\t<p>O SAS esta aqui para trabalhar em parceria daqueles que se dedicam todos os dias para alcan\u00e7ar o sonho de uma Educa\u00e7\u00e3o de excel\u00eancia, garantindo o desenvolvimento completo dos nossos estudantes e os preparando para o mundo. Fazemos o que fazemos porque acreditamos que a Educa\u00e7\u00e3o transforma pessoas, e pessoas transformam o mundo.<\/p>\t\t\t\t\t\t\t\t<\/div>\n\t\t\t\t<\/div>\n\t\t\t\t<div class=\"elementor-element elementor-element-1a8ae70 elementor-widget elementor-widget-spacer\" data-id=\"1a8ae70\" data-element_type=\"widget\" data-widget_type=\"spacer.default\">\n\t\t\t\t<div class=\"elementor-widget-container\">\n\t\t\t\t\t\t\t<div class=\"elementor-spacer\">\n\t\t\t<div class=\"elementor-spacer-inner\"><\/div>\n\t\t<\/div>\n\t\t\t\t\t\t<\/div>\n\t\t\t\t<\/div>\n\t\t\t\t\t<\/div>\n\t\t\t\t<\/div>\n\t\t<div class=\"elementor-element elementor-element-1e0c3ae e-flex e-con-boxed e-con e-parent\" data-id=\"1e0c3ae\" data-element_type=\"container\">\n\t\t\t\t\t<div class=\"e-con-inner\">\n\t\t\t\t<div class=\"elementor-element elementor-element-71f5891 elementor-widget elementor-widget-heading\" data-id=\"71f5891\" data-element_type=\"widget\" data-settings=\"{&quot;_animation_laptop&quot;:&quot;fadeInDown&quot;}\" data-widget_type=\"heading.default\">\n\t\t\t\t<div class=\"elementor-widget-container\">\n\t\t\t\t\t<h2 class=\"elementor-heading-title elementor-size-default\">Material SAS<\/h2>\t\t\t\t<\/div>\n\t\t\t\t<\/div>\n\t\t\t\t<div class=\"elementor-element elementor-element-b91f91e elementor-widget-divider--view-line elementor-widget elementor-widget-divider\" data-id=\"b91f91e\" data-element_type=\"widget\" data-widget_type=\"divider.default\">\n\t\t\t\t<div class=\"elementor-widget-container\">\n\t\t\t\t\t\t\t<div class=\"elementor-divider\">\n\t\t\t<span class=\"elementor-divider-separator\">\n\t\t\t\t\t\t<\/span>\n\t\t<\/div>\n\t\t\t\t\t\t<\/div>\n\t\t\t\t<\/div>\n\t\t\t\t<div class=\"elementor-element elementor-element-754df52 elementor-widget elementor-widget-spacer\" data-id=\"754df52\" data-element_type=\"widget\" data-widget_type=\"spacer.default\">\n\t\t\t\t<div class=\"elementor-widget-container\">\n\t\t\t\t\t\t\t<div class=\"elementor-spacer\">\n\t\t\t<div class=\"elementor-spacer-inner\"><\/div>\n\t\t<\/div>\n\t\t\t\t\t\t<\/div>\n\t\t\t\t<\/div>\n\t\t\t\t<div class=\"elementor-element elementor-element-43c8912 elementor-widget__width-initial elementor-widget elementor-widget-text-editor\" data-id=\"43c8912\" data-element_type=\"widget\" data-settings=\"{&quot;_animation_laptop&quot;:&quot;fadeInLeft&quot;}\" data-widget_type=\"text-editor.default\">\n\t\t\t\t<div class=\"elementor-widget-container\">\n\t\t\t\t\t\t\t\t\t<p>Solu\u00e7\u00f5es integradas aos objetivos de uma educa\u00e7\u00e3o personalizada e de excel\u00eancia. Isso \u00e9 SAS!<\/p>\t\t\t\t\t\t\t\t<\/div>\n\t\t\t\t<\/div>\n\t\t\t\t<div class=\"elementor-element elementor-element-771ba43 elementor-widget elementor-widget-spacer\" data-id=\"771ba43\" data-element_type=\"widget\" data-widget_type=\"spacer.default\">\n\t\t\t\t<div class=\"elementor-widget-container\">\n\t\t\t\t\t\t\t<div class=\"elementor-spacer\">\n\t\t\t<div class=\"elementor-spacer-inner\"><\/div>\n\t\t<\/div>\n\t\t\t\t\t\t<\/div>\n\t\t\t\t<\/div>\n\t\t\t\t\t<\/div>\n\t\t\t\t<\/div>\n\t\t<div class=\"elementor-element elementor-element-312039c e-flex e-con-boxed e-con e-parent\" data-id=\"312039c\" data-element_type=\"container\">\n\t\t\t\t\t<div class=\"e-con-inner\">\n\t\t\t\t<div class=\"elementor-element elementor-element-6f6f559 elementor-widget elementor-widget-image\" data-id=\"6f6f559\" data-element_type=\"widget\" data-widget_type=\"image.default\">\n\t\t\t\t<div class=\"elementor-widget-container\">\n\t\t\t\t\t\t\t\t\t\t\t\t\t\t\t\t<a href=\"https:\/\/sacramentinassp.com.br\/wp-content\/uploads\/2024\/03\/SAS-INFO-1-WEBP.webp\" data-elementor-open-lightbox=\"yes\" data-e-action-hash=\"#elementor-action%3Aaction%3Dlightbox%26settings%3DeyJpZCI6NjMyLCJ1cmwiOiJodHRwczpcL1wvc2FjcmFtZW50aW5hc3NwLmNvbS5iclwvd3AtY29udGVudFwvdXBsb2Fkc1wvMjAyNFwvMDNcL1NBUy1JTkZPLTEtV0VCUC53ZWJwIn0%3D\">\n\t\t\t\t\t\t\t<img decoding=\"async\" width=\"1192\" height=\"605\" src=\"https:\/\/sacramentinassp.com.br\/wp-content\/uploads\/2024\/03\/SAS-INFO-1-WEBP.webp\" class=\"attachment-full size-full wp-image-632\" alt=\"\" srcset=\"https:\/\/sacramentinassp.com.br\/wp-content\/uploads\/2024\/03\/SAS-INFO-1-WEBP.webp 1192w, https:\/\/sacramentinassp.com.br\/wp-content\/uploads\/2024\/03\/SAS-INFO-1-WEBP-300x152.webp 300w, https:\/\/sacramentinassp.com.br\/wp-content\/uploads\/2024\/03\/SAS-INFO-1-WEBP-1024x520.webp 1024w, https:\/\/sacramentinassp.com.br\/wp-content\/uploads\/2024\/03\/SAS-INFO-1-WEBP-768x390.webp 768w\" sizes=\"(max-width: 1192px) 100vw, 1192px\" \/>\t\t\t\t\t\t\t\t<\/a>\n\t\t\t\t\t\t\t\t\t\t\t\t\t\t\t<\/div>\n\t\t\t\t<\/div>\n\t\t\t\t\t<\/div>\n\t\t\t\t<\/div>\n\t\t<div class=\"elementor-element elementor-element-706c4c6 e-flex e-con-boxed e-con e-parent\" data-id=\"706c4c6\" data-element_type=\"container\">\n\t\t\t\t\t<div class=\"e-con-inner\">\n\t\t\t\t<div class=\"elementor-element elementor-element-e83659e elementor-widget elementor-widget-image\" data-id=\"e83659e\" data-element_type=\"widget\" data-widget_type=\"image.default\">\n\t\t\t\t<div class=\"elementor-widget-container\">\n\t\t\t\t\t\t\t\t\t\t\t\t\t\t\t\t<a href=\"https:\/\/sacramentinassp.com.br\/wp-content\/uploads\/2024\/03\/SAS-INFO-2-WEBP.webp\" data-elementor-open-lightbox=\"yes\" data-e-action-hash=\"#elementor-action%3Aaction%3Dlightbox%26settings%3DeyJpZCI6NjMzLCJ1cmwiOiJodHRwczpcL1wvc2FjcmFtZW50aW5hc3NwLmNvbS5iclwvd3AtY29udGVudFwvdXBsb2Fkc1wvMjAyNFwvMDNcL1NBUy1JTkZPLTItV0VCUC53ZWJwIn0%3D\">\n\t\t\t\t\t\t\t<img loading=\"lazy\" decoding=\"async\" width=\"1192\" height=\"573\" src=\"https:\/\/sacramentinassp.com.br\/wp-content\/uploads\/2024\/03\/SAS-INFO-2-WEBP.webp\" class=\"attachment-full size-full wp-image-633\" alt=\"\" srcset=\"https:\/\/sacramentinassp.com.br\/wp-content\/uploads\/2024\/03\/SAS-INFO-2-WEBP.webp 1192w, https:\/\/sacramentinassp.com.br\/wp-content\/uploads\/2024\/03\/SAS-INFO-2-WEBP-300x144.webp 300w, https:\/\/sacramentinassp.com.br\/wp-content\/uploads\/2024\/03\/SAS-INFO-2-WEBP-1024x492.webp 1024w, https:\/\/sacramentinassp.com.br\/wp-content\/uploads\/2024\/03\/SAS-INFO-2-WEBP-768x369.webp 768w\" sizes=\"(max-width: 1192px) 100vw, 1192px\" \/>\t\t\t\t\t\t\t\t<\/a>\n\t\t\t\t\t\t\t\t\t\t\t\t\t\t\t<\/div>\n\t\t\t\t<\/div>\n\t\t\t\t\t<\/div>\n\t\t\t\t<\/div>\n\t\t<div class=\"elementor-element elementor-element-b2ef4c8 e-flex e-con-boxed e-con e-parent\" data-id=\"b2ef4c8\" data-element_type=\"container\">\n\t\t\t\t\t<div class=\"e-con-inner\">\n\t\t\t\t<div class=\"elementor-element elementor-element-226eea6 elementor-widget elementor-widget-image\" data-id=\"226eea6\" data-element_type=\"widget\" data-widget_type=\"image.default\">\n\t\t\t\t<div class=\"elementor-widget-container\">\n\t\t\t\t\t\t\t\t\t\t\t\t\t\t\t\t<a href=\"https:\/\/sacramentinassp.com.br\/wp-content\/uploads\/2024\/03\/SAS-INFO-3-WEBP.webp\" data-elementor-open-lightbox=\"yes\" data-e-action-hash=\"#elementor-action%3Aaction%3Dlightbox%26settings%3DeyJpZCI6NjM0LCJ1cmwiOiJodHRwczpcL1wvc2FjcmFtZW50aW5hc3NwLmNvbS5iclwvd3AtY29udGVudFwvdXBsb2Fkc1wvMjAyNFwvMDNcL1NBUy1JTkZPLTMtV0VCUC53ZWJwIn0%3D\">\n\t\t\t\t\t\t\t<img loading=\"lazy\" decoding=\"async\" width=\"1192\" height=\"574\" src=\"https:\/\/sacramentinassp.com.br\/wp-content\/uploads\/2024\/03\/SAS-INFO-3-WEBP.webp\" class=\"attachment-full size-full wp-image-634\" alt=\"\" srcset=\"https:\/\/sacramentinassp.com.br\/wp-content\/uploads\/2024\/03\/SAS-INFO-3-WEBP.webp 1192w, https:\/\/sacramentinassp.com.br\/wp-content\/uploads\/2024\/03\/SAS-INFO-3-WEBP-300x144.webp 300w, https:\/\/sacramentinassp.com.br\/wp-content\/uploads\/2024\/03\/SAS-INFO-3-WEBP-1024x493.webp 1024w, https:\/\/sacramentinassp.com.br\/wp-content\/uploads\/2024\/03\/SAS-INFO-3-WEBP-768x370.webp 768w\" sizes=\"(max-width: 1192px) 100vw, 1192px\" \/>\t\t\t\t\t\t\t\t<\/a>\n\t\t\t\t\t\t\t\t\t\t\t\t\t\t\t<\/div>\n\t\t\t\t<\/div>\n\t\t\t\t\t<\/div>\n\t\t\t\t<\/div>\n\t\t<div class=\"elementor-element elementor-element-00cb5e4 e-flex e-con-boxed e-con e-parent\" data-id=\"00cb5e4\" data-element_type=\"container\">\n\t\t\t\t\t<div class=\"e-con-inner\">\n\t\t\t\t<div class=\"elementor-element elementor-element-9d16bd2 elementor-widget elementor-widget-image\" data-id=\"9d16bd2\" data-element_type=\"widget\" data-widget_type=\"image.default\">\n\t\t\t\t<div class=\"elementor-widget-container\">\n\t\t\t\t\t\t\t\t\t\t\t\t\t\t\t\t<a href=\"https:\/\/sacramentinassp.com.br\/wp-content\/uploads\/2024\/03\/infografico-4-edit.webp\" data-elementor-open-lightbox=\"yes\" data-e-action-hash=\"#elementor-action%3Aaction%3Dlightbox%26settings%3DeyJpZCI6ODU0LCJ1cmwiOiJodHRwczpcL1wvc2FjcmFtZW50aW5hc3NwLmNvbS5iclwvd3AtY29udGVudFwvdXBsb2Fkc1wvMjAyNFwvMDNcL2luZm9ncmFmaWNvLTQtZWRpdC53ZWJwIn0%3D\">\n\t\t\t\t\t\t\t<img loading=\"lazy\" decoding=\"async\" width=\"1193\" height=\"573\" src=\"https:\/\/sacramentinassp.com.br\/wp-content\/uploads\/2024\/03\/infografico-4-edit.webp\" class=\"attachment-full size-full wp-image-854\" alt=\"\" srcset=\"https:\/\/sacramentinassp.com.br\/wp-content\/uploads\/2024\/03\/infografico-4-edit.webp 1193w, https:\/\/sacramentinassp.com.br\/wp-content\/uploads\/2024\/03\/infografico-4-edit-300x144.webp 300w, https:\/\/sacramentinassp.com.br\/wp-content\/uploads\/2024\/03\/infografico-4-edit-1024x492.webp 1024w, https:\/\/sacramentinassp.com.br\/wp-content\/uploads\/2024\/03\/infografico-4-edit-768x369.webp 768w\" sizes=\"(max-width: 1193px) 100vw, 1193px\" \/>\t\t\t\t\t\t\t\t<\/a>\n\t\t\t\t\t\t\t\t\t\t\t\t\t\t\t<\/div>\n\t\t\t\t<\/div>\n\t\t\t\t<div class=\"elementor-element elementor-element-9cacb15 elementor-widget elementor-widget-spacer\" data-id=\"9cacb15\" data-element_type=\"widget\" data-widget_type=\"spacer.default\">\n\t\t\t\t<div class=\"elementor-widget-container\">\n\t\t\t\t\t\t\t<div class=\"elementor-spacer\">\n\t\t\t<div class=\"elementor-spacer-inner\"><\/div>\n\t\t<\/div>\n\t\t\t\t\t\t<\/div>\n\t\t\t\t<\/div>\n\t\t\t\t\t<\/div>\n\t\t\t\t<\/div>\n\t\t<div class=\"elementor-element elementor-element-d31e669 e-flex e-con-boxed e-con e-parent\" data-id=\"d31e669\" data-element_type=\"container\">\n\t\t\t\t\t<div class=\"e-con-inner\">\n\t\t\t\t<div class=\"elementor-element elementor-element-1a9b3e1 elementor-widget elementor-widget-heading\" data-id=\"1a9b3e1\" data-element_type=\"widget\" data-settings=\"{&quot;_animation_laptop&quot;:&quot;fadeInDown&quot;}\" data-widget_type=\"heading.default\">\n\t\t\t\t<div class=\"elementor-widget-container\">\n\t\t\t\t\t<h2 class=\"elementor-heading-title elementor-size-default\">Resultados SAS<\/h2>\t\t\t\t<\/div>\n\t\t\t\t<\/div>\n\t\t\t\t<div class=\"elementor-element elementor-element-5c69f13 elementor-widget-divider--view-line elementor-widget elementor-widget-divider\" data-id=\"5c69f13\" data-element_type=\"widget\" data-widget_type=\"divider.default\">\n\t\t\t\t<div class=\"elementor-widget-container\">\n\t\t\t\t\t\t\t<div class=\"elementor-divider\">\n\t\t\t<span class=\"elementor-divider-separator\">\n\t\t\t\t\t\t<\/span>\n\t\t<\/div>\n\t\t\t\t\t\t<\/div>\n\t\t\t\t<\/div>\n\t\t\t\t<div class=\"elementor-element elementor-element-bc0d6ae elementor-widget elementor-widget-spacer\" data-id=\"bc0d6ae\" data-element_type=\"widget\" data-widget_type=\"spacer.default\">\n\t\t\t\t<div class=\"elementor-widget-container\">\n\t\t\t\t\t\t\t<div class=\"elementor-spacer\">\n\t\t\t<div class=\"elementor-spacer-inner\"><\/div>\n\t\t<\/div>\n\t\t\t\t\t\t<\/div>\n\t\t\t\t<\/div>\n\t\t\t\t<div class=\"elementor-element elementor-element-c14c32c elementor-widget__width-initial elementor-widget elementor-widget-text-editor\" data-id=\"c14c32c\" data-element_type=\"widget\" data-settings=\"{&quot;_animation_laptop&quot;:&quot;fadeInLeft&quot;}\" data-widget_type=\"text-editor.default\">\n\t\t\t\t<div class=\"elementor-widget-container\">\n\t\t\t\t\t\t\t\t\t<p>Estudar para ir mais longe \u00e9 o ideal que nos move e leva a resultados cada vez melhores.<\/p>\t\t\t\t\t\t\t\t<\/div>\n\t\t\t\t<\/div>\n\t\t\t\t<div class=\"elementor-element elementor-element-64a8861 elementor-widget elementor-widget-image\" data-id=\"64a8861\" data-element_type=\"widget\" data-widget_type=\"image.default\">\n\t\t\t\t<div class=\"elementor-widget-container\">\n\t\t\t\t\t\t\t\t\t\t\t\t\t\t\t<img loading=\"lazy\" decoding=\"async\" width=\"1165\" height=\"643\" src=\"https:\/\/sacramentinassp.com.br\/wp-content\/uploads\/2024\/03\/infografico-rodape.webp\" class=\"attachment-full size-full wp-image-855\" alt=\"\" srcset=\"https:\/\/sacramentinassp.com.br\/wp-content\/uploads\/2024\/03\/infografico-rodape.webp 1165w, https:\/\/sacramentinassp.com.br\/wp-content\/uploads\/2024\/03\/infografico-rodape-300x166.webp 300w, https:\/\/sacramentinassp.com.br\/wp-content\/uploads\/2024\/03\/infografico-rodape-1024x565.webp 1024w, https:\/\/sacramentinassp.com.br\/wp-content\/uploads\/2024\/03\/infografico-rodape-768x424.webp 768w\" sizes=\"(max-width: 1165px) 100vw, 1165px\" \/>\t\t\t\t\t\t\t\t\t\t\t\t\t\t\t<\/div>\n\t\t\t\t<\/div>\n\t\t\t\t<div class=\"elementor-element elementor-element-7e012e0 elementor-widget elementor-widget-spacer\" data-id=\"7e012e0\" data-element_type=\"widget\" data-widget_type=\"spacer.default\">\n\t\t\t\t<div class=\"elementor-widget-container\">\n\t\t\t\t\t\t\t<div class=\"elementor-spacer\">\n\t\t\t<div class=\"elementor-spacer-inner\"><\/div>\n\t\t<\/div>\n\t\t\t\t\t\t<\/div>\n\t\t\t\t<\/div>\n\t\t\t\t\t<\/div>\n\t\t\t\t<\/div>\n\t\t\t\t<\/div>\n\t\t","protected":false},"excerpt":{"rendered":"<p>Ensinos N\u00edveis de ensinos\u00a0 &gt;\u00a0 Programa Bil\u00edngue\u00a0 &gt;\u00a0 Material SAS Material SAS O SAS Educa\u00e7\u00e3o \u00e9 uma plataforma de educa\u00e7\u00e3o que oferece solu\u00e7\u00f5es completas e integradas para as escolas parceiras. Atualmente, conta com mais de 1.100 escolas parceiras em todo o Brasil. Sua atua\u00e7\u00e3o inclui livros did\u00e1ticos alinhados \u00e0 BNCC, e vai muito al\u00e9m disso!&nbsp;Trabalha [&hellip;]<\/p>\n","protected":false},"author":1,"featured_media":0,"parent":0,"menu_order":0,"comment_status":"closed","ping_status":"closed","template":"","meta":{"footnotes":""},"_links":{"self":[{"href":"https:\/\/sacramentinassp.com.br\/index.php\/wp-json\/wp\/v2\/pages\/612"}],"collection":[{"href":"https:\/\/sacramentinassp.com.br\/index.php\/wp-json\/wp\/v2\/pages"}],"about":[{"href":"https:\/\/sacramentinassp.com.br\/index.php\/wp-json\/wp\/v2\/types\/page"}],"author":[{"embeddable":true,"href":"https:\/\/sacramentinassp.com.br\/index.php\/wp-json\/wp\/v2\/users\/1"}],"replies":[{"embeddable":true,"href":"https:\/\/sacramentinassp.com.br\/index.php\/wp-json\/wp\/v2\/comments?post=612"}],"version-history":[{"count":31,"href":"https:\/\/sacramentinassp.com.br\/index.php\/wp-json\/wp\/v2\/pages\/612\/revisions"}],"predecessor-version":[{"id":864,"href":"https:\/\/sacramentinassp.com.br\/index.php\/wp-json\/wp\/v2\/pages\/612\/revisions\/864"}],"wp:attachment":[{"href":"https:\/\/sacramentinassp.com.br\/index.php\/wp-json\/wp\/v2\/media?parent=612"}],"curies":[{"name":"wp","href":"https:\/\/api.w.org\/{rel}","templated":true}]}}